{"id":13,"date":"2021-01-18T07:55:40","date_gmt":"2021-01-18T07:55:40","guid":{"rendered":"http:\/\/www.dieseltest.fi\/svenska\/?page_id=13"},"modified":"2021-04-09T10:18:58","modified_gmt":"2021-04-09T10:18:58","slug":"forsaljning","status":"publish","type":"page","link":"https:\/\/www.dieseltest.fi\/svenska\/forsaljning\/","title":{"rendered":"F\u00f6rs\u00e4ljning"},"content":{"rendered":"\t\t<div data-elementor-type=\"wp-page\" data-elementor-id=\"13\" class=\"elementor elementor-13\">\n\t\t\t\t\t\t<div class=\"elementor-inner\">\n\t\t\t\t<div class=\"elementor-section-wrap\">\n\t\t\t\t\t\t\t\t\t<section class=\"elementor-section elementor-top-section elementor-element elementor-element-5a4847c elementor-section-boxed elementor-section-height-default elementor-section-height-default\" data-id=\"5a4847c\" data-element_type=\"section\">\n\t\t\t\t\t\t<div class=\"elementor-container elementor-column-gap-default\">\n\t\t\t\t\t\t\t<div class=\"elementor-row\">\n\t\t\t\t\t<div class=\"elementor-column elementor-col-100 elementor-top-column elementor-element elementor-element-62c82e6\" data-id=\"62c82e6\" data-element_type=\"column\">\n\t\t\t<div class=\"elementor-column-wrap elementor-element-populated\">\n\t\t\t\t\t\t\t<div class=\"elementor-widget-wrap\">\n\t\t\t\t\t\t<section class=\"elementor-section elementor-inner-section elementor-element elementor-element-bb22c50 elementor-section-boxed elementor-section-height-default elementor-section-height-default\" data-id=\"bb22c50\" data-element_type=\"section\">\n\t\t\t\t\t\t<div class=\"elementor-container elementor-column-gap-default\">\n\t\t\t\t\t\t\t<div class=\"elementor-row\">\n\t\t\t\t\t<div class=\"elementor-column elementor-col-50 elementor-inner-column elementor-element elementor-element-6f65d56\" data-id=\"6f65d56\" data-element_type=\"column\">\n\t\t\t<div class=\"elementor-column-wrap elementor-element-populated\">\n\t\t\t\t\t\t\t<div class=\"elementor-widget-wrap\">\n\t\t\t\t\t\t<div class=\"elementor-element elementor-element-fdd5f65 elementor-widget elementor-widget-heading\" data-id=\"fdd5f65\" data-element_type=\"widget\" data-widget_type=\"heading.default\">\n\t\t\t\t<div class=\"elementor-widget-container\">\n\t\t\t<h2 class=\"elementor-heading-title elementor-size-default\">F\u00d6RS\u00c4LJNING<\/h2>\t\t<\/div>\n\t\t\t\t<\/div>\n\t\t\t\t<div class=\"elementor-element elementor-element-9dc51c1 elementor-widget elementor-widget-text-editor\" data-id=\"9dc51c1\" data-element_type=\"widget\" data-widget_type=\"text-editor.default\">\n\t\t\t\t<div class=\"elementor-widget-container\">\n\t\t\t\t\t\t\t\t<div class=\"elementor-text-editor elementor-clearfix\">\n\t\t\t\t<ul><li class=\"p1\">utbyteskomponenter<\/li><li class=\"p1\">common rail spridare<\/li><li class=\"p1\">h\u00f6gtryckspumpar<\/li><li class=\"p1\">sm\u00e5tillbeh\u00f6r<\/li><li class=\"p1\">gl\u00f6dstift<\/li><li class=\"p1\">turboaggregat, nya och utbytes<\/li><li class=\"p1\">tillsats\u00e4mnen<\/li><li class=\"p1\">tillbeh\u00f6r<\/li><li>mekaniska spridare<\/li><\/ul>\t\t\t\t\t<\/div>\n\t\t\t\t\t\t<\/div>\n\t\t\t\t<\/div>\n\t\t\t\t\t\t<\/div>\n\t\t\t\t\t<\/div>\n\t\t<\/div>\n\t\t\t\t<div class=\"elementor-column elementor-col-50 elementor-inner-column elementor-element elementor-element-e9a21b1\" data-id=\"e9a21b1\" data-element_type=\"column\">\n\t\t\t<div class=\"elementor-column-wrap elementor-element-populated\">\n\t\t\t\t\t\t\t<div class=\"elementor-widget-wrap\">\n\t\t\t\t\t\t<div class=\"elementor-element elementor-element-5353084 elementor-widget elementor-widget-image\" data-id=\"5353084\" data-element_type=\"widget\" data-widget_type=\"image.default\">\n\t\t\t\t<div class=\"elementor-widget-container\">\n\t\t\t\t\t\t\t\t<div class=\"elementor-image\">\n\t\t\t\t\t\t\t\t\t\t\t\t<img loading=\"lazy\" decoding=\"async\" width=\"480\" height=\"640\" src=\"https:\/\/www.dieseltest.fi\/svenska\/wp-content\/uploads\/2021\/01\/IMG_1572-rotated.jpg\" class=\"attachment-large size-large\" alt=\"\" srcset=\"https:\/\/www.dieseltest.fi\/svenska\/wp-content\/uploads\/2021\/01\/IMG_1572-rotated.jpg 480w, https:\/\/www.dieseltest.fi\/svenska\/wp-content\/uploads\/2021\/01\/IMG_1572-225x300.jpg 225w\" sizes=\"(max-width: 480px) 100vw, 480px\" \/>\t\t\t\t\t\t\t\t\t\t\t\t\t\t<\/div>\n\t\t\t\t\t\t<\/div>\n\t\t\t\t<\/div>\n\t\t\t\t\t\t<\/div>\n\t\t\t\t\t<\/div>\n\t\t<\/div>\n\t\t\t\t\t\t\t\t<\/div>\n\t\t\t\t\t<\/div>\n\t\t<\/section>\n\t\t\t\t\t\t<\/div>\n\t\t\t\t\t<\/div>\n\t\t<\/div>\n\t\t\t\t\t\t\t\t<\/div>\n\t\t\t\t\t<\/div>\n\t\t<\/section>\n\t\t\t\t\t\t\t\t\t<\/div>\n\t\t\t<\/div>\n\t\t\t\t\t<\/div>\n\t\t","protected":false},"excerpt":{"rendered":"<p>F\u00d6RS\u00c4LJNING utbyteskomponenter common rail spridare h\u00f6gtryckspumpar sm\u00e5tillbeh\u00f6r gl\u00f6dstift turboaggregat, nya och utbytes tillsats\u00e4mnen tillbeh\u00f6r mekaniska spridare<\/p>\n","protected":false},"author":1,"featured_media":0,"parent":0,"menu_order":0,"comment_status":"closed","ping_status":"closed","template":"elementor_header_footer","meta":{"footnotes":""},"_links":{"self":[{"href":"https:\/\/www.dieseltest.fi\/svenska\/wp-json\/wp\/v2\/pages\/13"}],"collection":[{"href":"https:\/\/www.dieseltest.fi\/svenska\/wp-json\/wp\/v2\/pages"}],"about":[{"href":"https:\/\/www.dieseltest.fi\/svenska\/wp-json\/wp\/v2\/types\/page"}],"author":[{"embeddable":true,"href":"https:\/\/www.dieseltest.fi\/svenska\/wp-json\/wp\/v2\/users\/1"}],"replies":[{"embeddable":true,"href":"https:\/\/www.dieseltest.fi\/svenska\/wp-json\/wp\/v2\/comments?post=13"}],"version-history":[{"count":7,"href":"https:\/\/www.dieseltest.fi\/svenska\/wp-json\/wp\/v2\/pages\/13\/revisions"}],"predecessor-version":[{"id":214,"href":"https:\/\/www.dieseltest.fi\/svenska\/wp-json\/wp\/v2\/pages\/13\/revisions\/214"}],"wp:attachment":[{"href":"https:\/\/www.dieseltest.fi\/svenska\/wp-json\/wp\/v2\/media?parent=13"}],"curies":[{"name":"wp","href":"https:\/\/api.w.org\/{rel}","templated":true}]}}